{"id":4889,"date":"2023-04-11T19:36:04","date_gmt":"2023-04-12T00:36:04","guid":{"rendered":"https:\/\/one-man-studio.com\/aviso-de-privacidad\/"},"modified":"2024-01-04T13:00:02","modified_gmt":"2024-01-04T18:00:02","slug":"aviso-de-privacidad","status":"publish","type":"page","link":"https:\/\/one-man-studio.com\/en\/aviso-de-privacidad\/","title":{"rendered":"Privacy Policy"},"content":{"rendered":"\t\t<div data-elementor-type=\"wp-page\" data-elementor-id=\"4889\" class=\"elementor elementor-4889 elementor-244\" data-elementor-post-type=\"page\">\n\t\t\t\t\t\t<section class=\"elementor-section elementor-top-section elementor-element elementor-element-ce7ec54 elementor-section-boxed elementor-section-height-default elementor-section-height-default\" data-id=\"ce7ec54\" data-element_type=\"section\" data-e-type=\"section\" data-settings=\"{&quot;background_background&quot;:&quot;classic&quot;,&quot;jet_parallax_layout_list&quot;:[]}\">\n\t\t\t\t\t\t<div class=\"elementor-container elementor-column-gap-default\">\n\t\t\t\t\t<div class=\"elementor-column elementor-col-50 elementor-top-column elementor-element elementor-element-f5e720b\" data-id=\"f5e720b\" data-element_type=\"column\" data-e-type=\"column\">\n\t\t\t<div class=\"elementor-widget-wrap elementor-element-populated\">\n\t\t\t\t\t\t<div class=\"elementor-element elementor-element-5edf00c elementor-mobile-align-center elementor-align-left elementor-widget elementor-widget-raven-heading\" data-id=\"5edf00c\" data-element_type=\"widget\" data-e-type=\"widget\" data-widget_type=\"raven-heading.default\">\n\t\t\t\t<div class=\"elementor-widget-container\">\n\t\t\t\t\t\t\t<div class=\"raven-widget-wrapper\"><h2 class=\"raven-heading raven-heading-h2\"><span class=\"raven-heading-title \">Aviso<\/span><\/h2><\/div>\n\t\t\t\t\t\t<\/div>\n\t\t\t\t<\/div>\n\t\t\t\t<div class=\"elementor-element elementor-element-b70f523 raven-heading--style-rotate elementor-widget elementor-widget-raven-animated-heading\" data-id=\"b70f523\" data-element_type=\"widget\" data-e-type=\"widget\" data-settings=\"{&quot;heading_style&quot;:&quot;rotate&quot;,&quot;rotating_text&quot;:&quot;privacidad&quot;,&quot;animation_type&quot;:&quot;clip&quot;,&quot;rotate_iteration_delay&quot;:3500}\" data-widget_type=\"raven-animated-heading.default\">\n\t\t\t\t<div class=\"elementor-widget-container\">\n\t\t\t\t\t\t\t<h3 class=\"raven-heading raven-heading-animation-type-clip\" role=\"text\">\n\t\t\t\t\t<span class=\"raven-heading-plain-text raven-heading-text-wrapper\">de<\/span>\n\t\t\t\t<span class=\"raven-heading-dynamic-wrapper raven-heading-text-wrapper\" aria-live=\"polite\" aria-atomic=\"true\">\n\t\t\t\t\t\t<span class=\"raven-heading-dynamic-text raven-heading-text-active\">\n\t\t\t\t\tprivacidad\t\t\t\t<\/span>\n\t\t\t\t\t\t\t<\/span>\n\t\t\t\t<\/h3>\n\t\t\t\t\t\t<\/div>\n\t\t\t\t<\/div>\n\t\t\t\t<div class=\"elementor-element elementor-element-b1e2deb elementor-mobile-align-center elementor-align-left elementor-widget elementor-widget-raven-heading\" data-id=\"b1e2deb\" data-element_type=\"widget\" data-e-type=\"widget\" data-widget_type=\"raven-heading.default\">\n\t\t\t\t<div class=\"elementor-widget-container\">\n\t\t\t\t\t\t\t<div class=\"raven-widget-wrapper\"><h2 class=\"raven-heading raven-heading-h2\"><span class=\"raven-heading-title \">Lee nuestro aviso de privacidad<\/span><\/h2><\/div>\n\t\t\t\t\t\t<\/div>\n\t\t\t\t<\/div>\n\t\t\t\t\t<\/div>\n\t\t<\/div>\n\t\t\t\t<div class=\"elementor-column elementor-col-50 elementor-top-column elementor-element elementor-element-f608ffe\" data-id=\"f608ffe\" data-element_type=\"column\" data-e-type=\"column\">\n\t\t\t<div class=\"elementor-widget-wrap elementor-element-populated\">\n\t\t\t\t\t\t<div class=\"elementor-element elementor-element-8af8b39 elementor-widget__width-initial elementor-widget elementor-widget-elementskit-lottie\" data-id=\"8af8b39\" data-element_type=\"widget\" data-e-type=\"widget\" data-widget_type=\"elementskit-lottie.default\">\n\t\t\t\t<div class=\"elementor-widget-container\">\n\t\t\t\t\t<div class=\"ekit-wid-con\" ><div id=\"ekit_lottie_8af8b39\" class=\"ekit_lottie\" data-autoplay=\"true\" data-on-scroll=\"\" data-speed=\"1\" data-direction=\"\" data-action=\"\" data-renderer=\"svg\" data-path=\"https:\/\/one-man-studio.com\/wp-content\/uploads\/2023\/04\/7992-privacy.json\" data-loop=\"true\">&nbsp;<\/div><\/div>\t\t\t\t<\/div>\n\t\t\t\t<\/div>\n\t\t\t\t\t<\/div>\n\t\t<\/div>\n\t\t\t\t\t<\/div>\n\t\t<\/section>\n\t\t\t\t<section class=\"elementor-section elementor-top-section elementor-element elementor-element-733070e6 elementor-section-boxed elementor-section-height-default elementor-section-height-default\" data-id=\"733070e6\" data-element_type=\"section\" data-e-type=\"section\" data-settings=\"{&quot;jet_parallax_layout_list&quot;:[]}\">\n\t\t\t\t\t\t<div class=\"elementor-container elementor-column-gap-default\">\n\t\t\t\t\t<div class=\"elementor-column elementor-col-100 elementor-top-column elementor-element elementor-element-132adb50\" data-id=\"132adb50\" data-element_type=\"column\" data-e-type=\"column\">\n\t\t\t<div class=\"elementor-widget-wrap elementor-element-populated\">\n\t\t\t\t\t\t<div class=\"elementor-element elementor-element-436f7ea6 elementor-widget elementor-widget-text-editor\" data-id=\"436f7ea6\" data-element_type=\"widget\" data-e-type=\"widget\" data-widget_type=\"text-editor.default\">\n\t\t\t\t<div class=\"elementor-widget-container\">\n\t\t\t\t\t\t\t\t\t<p><strong>Aviso de Privacidad<\/strong><\/p><p>De acuerdo a lo Previsto en la \u201cLey Federal de Protecci\u00f3n de Datos Personales en Posesi\u00f3n de Particulares\u201d,\u00a0declara<strong>\u00a0One Man Studio M\u00e9xico S De RL de CV<\/strong>, ser una empresa legalmente constituida de conformidad con las leyes mexicanas, con domicilio en Cuernavaca, Morelos,\u00a0 como responsable del tratamiento de sus datos personales, hace de su conocimiento que la informaci\u00f3n de nuestros clientes es tratada de forma estrictamente confidencial por lo que al proporcionar sus datos personales, tales como: nombre completo, direcci\u00f3n, registro federal de contribuyentes, n\u00famero telef\u00f3nico y tel\u00e9fonos m\u00f3viles, correo electr\u00f3nico y datos financieros.<\/p><p>Estos datos ser\u00e1n utilizados \u00fanica y exclusivamente para los siguientes fines:<\/p><ol><li>Informaci\u00f3n y prestaci\u00f3n de servicios de la agencia.<\/li><li>Actualizaci\u00f3n base de datos clientes.<\/li><li>Evaluar la calidad en el servicio.<\/li><li>Avisos de oferta de servicios.<\/li><li>Dar cumplimiento a obligaciones contra\u00eddas con el cliente.<\/li><li>Servicios de cotizaci\u00f3n en l\u00ednea v\u00eda el sitio web oficial (www.one-man-studio.com).<\/li><\/ol><p><strong>One Man Studio M\u00e9xico S De RL de CV<\/strong>\u00a0no solicita datos personales sensibles en su sitio web www.one-man-studio.com<\/p><p>Para prevenir el acceso no autorizado a sus datos personales y con el fin de asegurar que la informaci\u00f3n sea utilizada para los fines establecidos en este aviso de privacidad, hemos establecido diversos procedimientos con la finalidad de evitar el uso o divulgaci\u00f3n no autorizados de sus datos, permiti\u00e9ndonos tratarlos debidamente.<\/p><p>En nuestro programa de notificaci\u00f3n de promociones, ofertas y servicios a trav\u00e9s de correo electr\u00f3nico o telef\u00f3nico, s\u00f3lo nuestra agencia\u00a0<strong>\u00a0<\/strong>tendr\u00e1 acceso a la informaci\u00f3n recabada. Este tipo de publicidad se realiza mediante avisos y mensajes promocionales de correo electr\u00f3nico o contacto telef\u00f3nico, los cuales s\u00f3lo ser\u00e1n enviados a usted y a aquellos contactos registrados para tal prop\u00f3sito, esta indicaci\u00f3n podr\u00e1 usted modificarla en cualquier momento.<\/p><p>Todos sus datos personales son tratados de acuerdo a la legislaci\u00f3n aplicable y vigente en el pa\u00eds, por ello le informamos que usted tiene en todo momento los derechos de acceder, rectificar, cancelar u oponerse al tratamiento que le damos a sus datos personales; derecho que podr\u00e1 hacer valer a trav\u00e9s del \u00c1rea de Privacidad encargada de la seguridad de datos personales en el Tel\u00e9fono<a href=\"tel:+528004652667\"> +52 800 4652 667<\/a> \u00f3 al correo electr\u00f3nico:\u00a0 <a href=\"mailto:info@one-man-studio.com\">info@one-man-studio.com<\/a><\/p><p>Asimismo podr\u00e1 notificarnos la cancelaci\u00f3n del tratamiento de informaci\u00f3n por los mismos medios o comunic\u00e1ndose al tel\u00e9fono \u00a0antes mencionado.<\/p><p>Si usted considera que su derecho de protecci\u00f3n de datos personales ha sido lesionado por alguna conducta de nuestros empleados o de nuestras actuaciones o respuestas, presume que en el tratamiento de sus datos personales existe alguna violaci\u00f3n a las disposiciones previstas en la Ley Federal de Protecci\u00f3n de Datos Personales en Posesi\u00f3n de los Particulares, podr\u00e1 interponer la queja o denuncia correspondiente ante el IFAI, para mayor informaci\u00f3n visite www.ifai.org.mx<\/p><p><strong>One Man Studio M\u00e9xico S De RL de CV\u00a0<\/strong>aconseja al usuario que actualice sus datos cada vez que \u00e9stos sufran alguna modificaci\u00f3n, ya que esto permitir\u00e1 brindarle un servicio m\u00e1s personalizado y de calidad.<\/p><p><strong>\u00daltima Actualizaci\u00f3n: 2 de Noviembre de \u00a02022.<\/strong><\/p><p><strong>\u00a0ATENTAMENTE<\/strong><\/p><p><strong>\u00a0One Man Studio M\u00e9xico\u00a0<\/strong><\/p>\t\t\t\t\t\t\t\t<\/div>\n\t\t\t\t<\/div>\n\t\t\t\t\t<\/div>\n\t\t<\/div>\n\t\t\t\t\t<\/div>\n\t\t<\/section>\n\t\t\t\t<\/div>\n\t\t","protected":false},"excerpt":{"rendered":"<p>Aviso de privacidad Lee nuestro aviso de privacidad &nbsp; Aviso de Privacidad De acuerdo a lo Previsto en la \u201cLey Federal de Protecci\u00f3n de Datos Personales en Posesi\u00f3n de Particulares\u201d,\u00a0declara\u00a0One Man Studio M\u00e9xico S De RL de CV, ser una empresa legalmente constituida de conformidad con las leyes mexicanas, con domicilio en Cuernavaca, Morelos,\u00a0 como [&hellip;]<\/p>\n","protected":false},"author":1,"featured_media":4412,"parent":0,"menu_order":0,"comment_status":"open","ping_status":"open","template":"elementor_header_footer","meta":{"_acf_changed":false,"footnotes":""},"class_list":["post-4889","page","type-page","status-publish","has-post-thumbnail","hentry"],"acf":[],"yoast_head":"<!-- This site is optimized with the Yoast SEO Premium plugin v20.6 (Yoast SEO v27.0) - https:\/\/yoast.com\/product\/yoast-seo-premium-wordpress\/ -->\n<title>Privacy Policy - One Man Studio M\u00e9xico<\/title>\n<meta name=\"description\" content=\"One Man Studio soluciones digitales; enfocados en favorecer la evoluci\u00f3n de los negocios. Nuestro objetivo es generar casos de \u00e9xito para nuestros clientes.\" \/>\n<meta name=\"robots\" content=\"index, follow, max-snippet:-1, max-image-preview:large, max-video-preview:-1\" \/>\n<link rel=\"canonical\" href=\"https:\/\/one-man-studio.com\/en\/aviso-de-privacidad\/\" \/>\n<meta property=\"og:locale\" content=\"en_US\" \/>\n<meta property=\"og:type\" content=\"article\" \/>\n<meta property=\"og:title\" content=\"Privacy Policy\" \/>\n<meta property=\"og:description\" content=\"One Man Studio soluciones digitales; enfocados en favorecer la evoluci\u00f3n de los negocios. Nuestro objetivo es generar casos de \u00e9xito para nuestros clientes.\" \/>\n<meta property=\"og:url\" content=\"https:\/\/one-man-studio.com\/en\/aviso-de-privacidad\/\" \/>\n<meta property=\"og:site_name\" content=\"One Man Studio M\u00e9xico\" \/>\n<meta property=\"article:modified_time\" content=\"2024-01-04T18:00:02+00:00\" \/>\n<meta property=\"og:image\" content=\"https:\/\/one-man-studio.com\/wp-content\/uploads\/2023\/11\/favicon.webp\" \/>\n\t<meta property=\"og:image:width\" content=\"1000\" \/>\n\t<meta property=\"og:image:height\" content=\"1000\" \/>\n\t<meta property=\"og:image:type\" content=\"image\/webp\" \/>\n<meta name=\"twitter:card\" content=\"summary_large_image\" \/>\n<meta name=\"twitter:label1\" content=\"Est. reading time\" \/>\n\t<meta name=\"twitter:data1\" content=\"3 minutes\" \/>\n<script type=\"application\/ld+json\" class=\"yoast-schema-graph\">{\"@context\":\"https:\/\/schema.org\",\"@graph\":[{\"@type\":\"WebPage\",\"@id\":\"https:\/\/one-man-studio.com\/en\/aviso-de-privacidad\/\",\"url\":\"https:\/\/one-man-studio.com\/en\/aviso-de-privacidad\/\",\"name\":\"Privacy Policy - One Man Studio M\u00e9xico\",\"isPartOf\":{\"@id\":\"https:\/\/one-man-studio.com\/en\/#website\"},\"primaryImageOfPage\":{\"@id\":\"https:\/\/one-man-studio.com\/en\/aviso-de-privacidad\/#primaryimage\"},\"image\":{\"@id\":\"https:\/\/one-man-studio.com\/en\/aviso-de-privacidad\/#primaryimage\"},\"thumbnailUrl\":\"https:\/\/one-man-studio.com\/wp-content\/uploads\/2023\/11\/favicon.webp\",\"datePublished\":\"2023-04-12T00:36:04+00:00\",\"dateModified\":\"2024-01-04T18:00:02+00:00\",\"description\":\"One Man Studio soluciones digitales; enfocados en favorecer la evoluci\u00f3n de los negocios. Nuestro objetivo es generar casos de \u00e9xito para nuestros clientes.\",\"breadcrumb\":{\"@id\":\"https:\/\/one-man-studio.com\/en\/aviso-de-privacidad\/#breadcrumb\"},\"inLanguage\":\"en-US\",\"potentialAction\":[{\"@type\":\"ReadAction\",\"target\":[\"https:\/\/one-man-studio.com\/en\/aviso-de-privacidad\/\"]}]},{\"@type\":\"ImageObject\",\"inLanguage\":\"en-US\",\"@id\":\"https:\/\/one-man-studio.com\/en\/aviso-de-privacidad\/#primaryimage\",\"url\":\"https:\/\/one-man-studio.com\/wp-content\/uploads\/2023\/11\/favicon.webp\",\"contentUrl\":\"https:\/\/one-man-studio.com\/wp-content\/uploads\/2023\/11\/favicon.webp\",\"width\":1000,\"height\":1000},{\"@type\":\"BreadcrumbList\",\"@id\":\"https:\/\/one-man-studio.com\/en\/aviso-de-privacidad\/#breadcrumb\",\"itemListElement\":[{\"@type\":\"ListItem\",\"position\":1,\"name\":\"Home\",\"item\":\"https:\/\/one-man-studio.com\/en\/\"},{\"@type\":\"ListItem\",\"position\":2,\"name\":\"Privacy Policy\"}]},{\"@type\":\"WebSite\",\"@id\":\"https:\/\/one-man-studio.com\/en\/#website\",\"url\":\"https:\/\/one-man-studio.com\/en\/\",\"name\":\"One Man Studio M\u00e9xico\",\"description\":\"Agencia de Marketing Digital\",\"potentialAction\":[{\"@type\":\"SearchAction\",\"target\":{\"@type\":\"EntryPoint\",\"urlTemplate\":\"https:\/\/one-man-studio.com\/en\/?s={search_term_string}\"},\"query-input\":{\"@type\":\"PropertyValueSpecification\",\"valueRequired\":true,\"valueName\":\"search_term_string\"}}],\"inLanguage\":\"en-US\"}]}<\/script>\n<!-- \/ Yoast SEO Premium plugin. -->","yoast_head_json":{"title":"Privacy Policy - One Man Studio M\u00e9xico","description":"One Man Studio soluciones digitales; enfocados en favorecer la evoluci\u00f3n de los negocios. Nuestro objetivo es generar casos de \u00e9xito para nuestros clientes.","robots":{"index":"index","follow":"follow","max-snippet":"max-snippet:-1","max-image-preview":"max-image-preview:large","max-video-preview":"max-video-preview:-1"},"canonical":"https:\/\/one-man-studio.com\/en\/aviso-de-privacidad\/","og_locale":"en_US","og_type":"article","og_title":"Privacy Policy","og_description":"One Man Studio soluciones digitales; enfocados en favorecer la evoluci\u00f3n de los negocios. Nuestro objetivo es generar casos de \u00e9xito para nuestros clientes.","og_url":"https:\/\/one-man-studio.com\/en\/aviso-de-privacidad\/","og_site_name":"One Man Studio M\u00e9xico","article_modified_time":"2024-01-04T18:00:02+00:00","og_image":[{"width":1000,"height":1000,"url":"https:\/\/one-man-studio.com\/wp-content\/uploads\/2023\/11\/favicon.webp","type":"image\/webp"}],"twitter_card":"summary_large_image","twitter_misc":{"Est. reading time":"3 minutes"},"schema":{"@context":"https:\/\/schema.org","@graph":[{"@type":"WebPage","@id":"https:\/\/one-man-studio.com\/en\/aviso-de-privacidad\/","url":"https:\/\/one-man-studio.com\/en\/aviso-de-privacidad\/","name":"Privacy Policy - One Man Studio M\u00e9xico","isPartOf":{"@id":"https:\/\/one-man-studio.com\/en\/#website"},"primaryImageOfPage":{"@id":"https:\/\/one-man-studio.com\/en\/aviso-de-privacidad\/#primaryimage"},"image":{"@id":"https:\/\/one-man-studio.com\/en\/aviso-de-privacidad\/#primaryimage"},"thumbnailUrl":"https:\/\/one-man-studio.com\/wp-content\/uploads\/2023\/11\/favicon.webp","datePublished":"2023-04-12T00:36:04+00:00","dateModified":"2024-01-04T18:00:02+00:00","description":"One Man Studio soluciones digitales; enfocados en favorecer la evoluci\u00f3n de los negocios. Nuestro objetivo es generar casos de \u00e9xito para nuestros clientes.","breadcrumb":{"@id":"https:\/\/one-man-studio.com\/en\/aviso-de-privacidad\/#breadcrumb"},"inLanguage":"en-US","potentialAction":[{"@type":"ReadAction","target":["https:\/\/one-man-studio.com\/en\/aviso-de-privacidad\/"]}]},{"@type":"ImageObject","inLanguage":"en-US","@id":"https:\/\/one-man-studio.com\/en\/aviso-de-privacidad\/#primaryimage","url":"https:\/\/one-man-studio.com\/wp-content\/uploads\/2023\/11\/favicon.webp","contentUrl":"https:\/\/one-man-studio.com\/wp-content\/uploads\/2023\/11\/favicon.webp","width":1000,"height":1000},{"@type":"BreadcrumbList","@id":"https:\/\/one-man-studio.com\/en\/aviso-de-privacidad\/#breadcrumb","itemListElement":[{"@type":"ListItem","position":1,"name":"Home","item":"https:\/\/one-man-studio.com\/en\/"},{"@type":"ListItem","position":2,"name":"Privacy Policy"}]},{"@type":"WebSite","@id":"https:\/\/one-man-studio.com\/en\/#website","url":"https:\/\/one-man-studio.com\/en\/","name":"One Man Studio M\u00e9xico","description":"Agencia de Marketing Digital","potentialAction":[{"@type":"SearchAction","target":{"@type":"EntryPoint","urlTemplate":"https:\/\/one-man-studio.com\/en\/?s={search_term_string}"},"query-input":{"@type":"PropertyValueSpecification","valueRequired":true,"valueName":"search_term_string"}}],"inLanguage":"en-US"}]}},"_links":{"self":[{"href":"https:\/\/one-man-studio.com\/en\/wp-json\/wp\/v2\/pages\/4889","targetHints":{"allow":["GET"]}}],"collection":[{"href":"https:\/\/one-man-studio.com\/en\/wp-json\/wp\/v2\/pages"}],"about":[{"href":"https:\/\/one-man-studio.com\/en\/wp-json\/wp\/v2\/types\/page"}],"author":[{"embeddable":true,"href":"https:\/\/one-man-studio.com\/en\/wp-json\/wp\/v2\/users\/1"}],"replies":[{"embeddable":true,"href":"https:\/\/one-man-studio.com\/en\/wp-json\/wp\/v2\/comments?post=4889"}],"version-history":[{"count":1,"href":"https:\/\/one-man-studio.com\/en\/wp-json\/wp\/v2\/pages\/4889\/revisions"}],"predecessor-version":[{"id":4890,"href":"https:\/\/one-man-studio.com\/en\/wp-json\/wp\/v2\/pages\/4889\/revisions\/4890"}],"wp:featuredmedia":[{"embeddable":true,"href":"https:\/\/one-man-studio.com\/en\/wp-json\/wp\/v2\/media\/4412"}],"wp:attachment":[{"href":"https:\/\/one-man-studio.com\/en\/wp-json\/wp\/v2\/media?parent=4889"}],"curies":[{"name":"wp","href":"https:\/\/api.w.org\/{rel}","templated":true}]}}